{"id":4,"date":"2009-07-12T16:02:41","date_gmt":"2009-07-12T14:02:41","guid":{"rendered":"http:\/\/www.saxschule.ch\/wordpress\/?page_id=4"},"modified":"2009-09-07T11:44:33","modified_gmt":"2009-09-07T09:44:33","slug":"konzept","status":"publish","type":"page","link":"https:\/\/www.saxschule.ch\/wordpress\/","title":{"rendered":"Konzept"},"content":{"rendered":"<p>In meiner T\u00e4tigkeit als Saxofonlehrer habe ich Verschiedenste Saxofonlehrb\u00fccher und Saxofonschulen kennen gelernt. Keines von all diesen Arbeitsb\u00fcchern konnte mich zufrieden stellen. Als Sch\u00fcler wie auch als Lehrer steht das Instrumental, Arbeits- und Lernspielbuch immer im Mittelpunkt. Aus diesem Grund habe ich angefangen meine eigene Saxofonschule zu entwerfen. Diese ist jetzt fertig gestellt und f\u00fcr alle zug\u00e4nglich. Vielleicht hilft gerade dieses Lern- und Spielbuch f\u00fcr Saxofon, Lektionen, Hits und Weihnachtslieder auch dir den Lernprozess deiner Sch\u00fclerInnen zu st\u00e4rken und den Unterricht zu bereichern.<\/p>\n<p>Diese Saxofonschule unterscheidet sich von anderen, da von Anfang an das Legatospiel im Vordergrund steht und nicht wie in anderen Saxofonschulen der Zungenstoss. Mit Hilfe des Legatospiels werden dem Sch\u00fcler\/ der Sch\u00fclerin die Luft, die Atmung, der Luftstrom und der Luftdruck verdeutlicht.<\/p>\n<p><strong>Dieses Lern- und Spielbuch f\u00fcr Saxofon beinhaltet Lektionen, Hits und Weihnachtslieder:<\/strong><\/p>\n<p>32 Lektionen f\u00fchren den Sch\u00fcler behutsam durch das Buch. Die Lektionen sind im Schwierigkeitsgrad langsam voranschreitend aufgebaut. In den Lektionen finden sich 105 Lieder verschiedener Stilrichtungen wie Folk, Klassik, Gospel und Blues aus verschiedenen L\u00e4ndern. Alle Lieder sind mit Akkordsymbolen f\u00fcr Altsaxofon in Es notiert. Die Akkordsymbole sind bewusst einfach gehalten und sollen so ein direktes Sch\u00fcler-Lehrer-Musizieren erm\u00f6glichen. Aus diesem Grund wird auch auf eine Playalong CD verzichtet.<\/p>\n<p>Im Anhang Hits stehen zus\u00e4tzlich 39 Lieder als Erg\u00e4nzung zu den Lektionen. Die Lieder sind gem\u00e4ss den Lektionen im Schwierigkeitsgrad aufsteigend aufgebaut.<\/p>\n<p>Im Anhang Weihnachtslieder befindet sich eine Auswahl der 18 sch\u00f6nsten und bekanntesten Weihnachtslieder. Auch diese sind im Schwierigkeitsgrad aufsteigend aufgebaut.<\/p>\n<p>Wenn ich dich neugierig gemacht habe, lies auch das <a href=\"http:\/\/www.saxschule.ch\/wordpress\/lern-spielbuch\/vorwort\/\" target=\"_self\">Vorwort<\/a> oder klicke dich durch das Heft.<\/p>\n","protected":false},"excerpt":{"rendered":"<p>In meiner T\u00e4tigkeit als Saxofonlehrer habe ich Verschiedenste Saxofonlehrb\u00fccher und Saxofonschulen kennen gelernt. Keines von all diesen Arbeitsb\u00fcchern konnte mich zufrieden stellen. Als Sch\u00fcler wie auch als Lehrer steht das Instrumental, Arbeits- und Lernspielbuch immer im Mittelpunkt. Aus diesem Grund habe ich angefangen meine eigene Saxofonschule zu entwerfen. Diese ist jetzt fertig gestellt und f\u00fcr [&hellip;]<\/p>\n","protected":false},"author":1,"featured_media":0,"parent":0,"menu_order":1,"comment_status":"open","ping_status":"open","template":"","meta":{"footnotes":""},"class_list":["post-4","page","type-page","status-publish","hentry"],"_links":{"self":[{"href":"https:\/\/www.saxschule.ch\/wordpress\/wp-json\/wp\/v2\/pages\/4","targetHints":{"allow":["GET"]}}],"collection":[{"href":"https:\/\/www.saxschule.ch\/wordpress\/wp-json\/wp\/v2\/pages"}],"about":[{"href":"https:\/\/www.saxschule.ch\/wordpress\/wp-json\/wp\/v2\/types\/page"}],"author":[{"embeddable":true,"href":"https:\/\/www.saxschule.ch\/wordpress\/wp-json\/wp\/v2\/users\/1"}],"replies":[{"embeddable":true,"href":"https:\/\/www.saxschule.ch\/wordpress\/wp-json\/wp\/v2\/comments?post=4"}],"version-history":[{"count":11,"href":"https:\/\/www.saxschule.ch\/wordpress\/wp-json\/wp\/v2\/pages\/4\/revisions"}],"predecessor-version":[{"id":88,"href":"https:\/\/www.saxschule.ch\/wordpress\/wp-json\/wp\/v2\/pages\/4\/revisions\/88"}],"wp:attachment":[{"href":"https:\/\/www.saxschule.ch\/wordpress\/wp-json\/wp\/v2\/media?parent=4"}],"curies":[{"name":"wp","href":"https:\/\/api.w.org\/{rel}","templated":true}]}}